{"id":119,"date":"2025-07-08T14:36:14","date_gmt":"2025-07-08T12:36:14","guid":{"rendered":"https:\/\/nebinadosah.cz\/?page_id=119"},"modified":"2025-11-14T09:14:19","modified_gmt":"2025-11-14T08:14:19","slug":"o-cem-je-tento-web","status":"publish","type":"page","link":"https:\/\/nebinadosah.cz\/","title":{"rendered":"V\u00edtejte!"},"content":{"rendered":"\n<p>Na tomto m\u00edst\u011b naleznete p\u0159eklady den\u00edk\u016f, knih, my\u0161lenek vz\u00e1cn\u00fdch Bo\u017e\u00edch \u017een (a \u010dasto i mu\u017e\u016f) na\u0161\u00ed minulosti. V\u017edycky mi bylo l\u00edto, \u017ee poklady, kter\u00e9 si \u010dtu, mohu sd\u00edlet jen s n\u011bkolika lidmi. Proto jsem se rozhodla vkl\u00e1dat sem po tro\u0161k\u00e1ch, co se mi poda\u0159\u00ed p\u0159elo\u017eit. Rovnou se p\u0159izn\u00e1v\u00e1m, \u017ee pro nedostatek \u010dasu budu vyu\u017e\u00edvat pomocn\u00edka <br>v podob\u011b um\u011bl\u00e9 inteligence. Vynasna\u017e\u00edm se, aby bylo v\u0161echno \u010dtiv\u00e9 a srozumiteln\u00e9. Je v\u0161ak t\u0159eba si uv\u011bdomit, \u017ee u n\u011bkter\u00fdch autor\u016f jsou texty slo\u017eit\u011bj\u0161\u00ed a vy\u017eaduj\u00ed pomal\u00e9 \u010dten\u00ed. Takov\u00fdm p\u0159\u00edkladem je Amy Carmichael. Na prvn\u00ed \u010dten\u00ed se m\u016f\u017ee zd\u00e1t nesrozumiteln\u00e1, ale ona jako kdyby nest\u00e1la o povrchn\u00ed \u010dten\u00e1\u0159e. Chce, abychom p\u0159i \u010dten\u00ed p\u0159em\u00fd\u0161leli.<\/p>\n\n\n\n<p>Za konstruktivn\u00ed kritiku V\u00e1m budu velmi vd\u011b\u010dn\u00e1 (t\u00e9\u017e za shov\u00edvav\u00e9 upozorn\u011bn\u00ed na chyby a chybky). Z\u00e1rove\u0148 si uv\u011bdomuji, \u017ee na\u0161e doba si \u017e\u00e1d\u00e1 krom\u011b \u010detby tak\u00e9 audio zpracov\u00e1n\u00ed, a proto se budu sna\u017eit postupem \u010dasu p\u0159id\u00e1vat p\u0159\u00edsp\u011bvky nahran\u00e9 k poslechu.<br><br>A te\u010f u\u017e mi zb\u00fdv\u00e1 se jen s b\u00e1zn\u00ed pomodlit: K tomu mi dopom\u00e1hej B\u016fh :-))<\/p>\n\n\n\n<p>Va\u0161e Julie<\/p>\n","protected":false},"excerpt":{"rendered":"<p>Na tomto m\u00edst\u011b naleznete p\u0159eklady den\u00edk\u016f, knih, my\u0161lenek vz\u00e1cn\u00fdch Bo\u017e\u00edch \u017een (a \u010dasto i mu\u017e\u016f) na\u0161\u00ed minulosti. V\u017edycky mi bylo l\u00edto, \u017ee poklady, kter\u00e9 si \u010dtu, mohu sd\u00edlet jen s n\u011bkolika lidmi. Proto jsem se rozhodla vkl\u00e1dat sem po tro\u0161k\u00e1ch, co se mi poda\u0159\u00ed p\u0159elo\u017eit. Rovnou se p\u0159izn\u00e1v\u00e1m, \u017ee pro nedostatek \u010dasu budu vyu\u017e\u00edvat pomocn\u00edka [&hellip;]<\/p>\n","protected":false},"author":1,"featured_media":0,"parent":0,"menu_order":0,"comment_status":"closed","ping_status":"closed","template":"","meta":{"footnotes":""},"class_list":["post-119","page","type-page","status-publish","hentry","entry"],"yoast_head":"<!-- This site is optimized with the Yoast SEO plugin v26.6 - https:\/\/yoast.com\/wordpress\/plugins\/seo\/ -->\n<title>V\u00edtejte! - Nebi na dosah<\/title>\n<meta name=\"robots\" content=\"index, follow, max-snippet:-1, max-image-preview:large, max-video-preview:-1\" \/>\n<link rel=\"canonical\" href=\"https:\/\/nebinadosah.cz\/\" \/>\n<meta property=\"og:locale\" content=\"cs_CZ\" \/>\n<meta property=\"og:type\" content=\"article\" \/>\n<meta property=\"og:title\" content=\"V\u00edtejte! - Nebi na dosah\" \/>\n<meta property=\"og:description\" content=\"Na tomto m\u00edst\u011b naleznete p\u0159eklady den\u00edk\u016f, knih, my\u0161lenek vz\u00e1cn\u00fdch Bo\u017e\u00edch \u017een (a \u010dasto i mu\u017e\u016f) na\u0161\u00ed minulosti. V\u017edycky mi bylo l\u00edto, \u017ee poklady, kter\u00e9 si \u010dtu, mohu sd\u00edlet jen s n\u011bkolika lidmi. Proto jsem se rozhodla vkl\u00e1dat sem po tro\u0161k\u00e1ch, co se mi poda\u0159\u00ed p\u0159elo\u017eit. Rovnou se p\u0159izn\u00e1v\u00e1m, \u017ee pro nedostatek \u010dasu budu vyu\u017e\u00edvat pomocn\u00edka [&hellip;]\" \/>\n<meta property=\"og:url\" content=\"https:\/\/nebinadosah.cz\/\" \/>\n<meta property=\"og:site_name\" content=\"Nebi na dosah\" \/>\n<meta property=\"article:modified_time\" content=\"2025-11-14T08:14:19+00:00\" \/>\n<meta name=\"twitter:card\" content=\"summary_large_image\" \/>\n<meta name=\"twitter:label1\" content=\"Odhadovan\u00e1 doba \u010dten\u00ed\" \/>\n\t<meta name=\"twitter:data1\" content=\"1 minuta\" \/>\n<script type=\"application\/ld+json\" class=\"yoast-schema-graph\">{\"@context\":\"https:\/\/schema.org\",\"@graph\":[{\"@type\":\"WebPage\",\"@id\":\"https:\/\/nebinadosah.cz\/\",\"url\":\"https:\/\/nebinadosah.cz\/\",\"name\":\"V\u00edtejte! - Nebi na dosah\",\"isPartOf\":{\"@id\":\"https:\/\/nebinadosah.cz\/#website\"},\"datePublished\":\"2025-07-08T12:36:14+00:00\",\"dateModified\":\"2025-11-14T08:14:19+00:00\",\"breadcrumb\":{\"@id\":\"https:\/\/nebinadosah.cz\/#breadcrumb\"},\"inLanguage\":\"cs\",\"potentialAction\":[{\"@type\":\"ReadAction\",\"target\":[\"https:\/\/nebinadosah.cz\/\"]}]},{\"@type\":\"BreadcrumbList\",\"@id\":\"https:\/\/nebinadosah.cz\/#breadcrumb\",\"itemListElement\":[{\"@type\":\"ListItem\",\"position\":1,\"name\":\"Dom\u016f\",\"item\":\"https:\/\/nebinadosah.cz\/\"},{\"@type\":\"ListItem\",\"position\":2,\"name\":\"V\u00edtejte!\"}]},{\"@type\":\"WebSite\",\"@id\":\"https:\/\/nebinadosah.cz\/#website\",\"url\":\"https:\/\/nebinadosah.cz\/\",\"name\":\"Nebi na dosah\",\"description\":\"Den\u00edkov\u00e9 z\u00e1znamy, knihy a my\u0161lenky k\u0159es\u0165ansk\u00fdch \u017een z minulosti\",\"publisher\":{\"@id\":\"https:\/\/nebinadosah.cz\/#organization\"},\"potentialAction\":[{\"@type\":\"SearchAction\",\"target\":{\"@type\":\"EntryPoint\",\"urlTemplate\":\"https:\/\/nebinadosah.cz\/?s={search_term_string}\"},\"query-input\":{\"@type\":\"PropertyValueSpecification\",\"valueRequired\":true,\"valueName\":\"search_term_string\"}}],\"inLanguage\":\"cs\"},{\"@type\":\"Organization\",\"@id\":\"https:\/\/nebinadosah.cz\/#organization\",\"name\":\"Nebi na dosah\",\"url\":\"https:\/\/nebinadosah.cz\/\",\"logo\":{\"@type\":\"ImageObject\",\"inLanguage\":\"cs\",\"@id\":\"https:\/\/nebinadosah.cz\/#\/schema\/logo\/image\/\",\"url\":\"https:\/\/nebinadosah.cz\/wp-content\/uploads\/2025\/07\/cropped-nebi-na-dosah-bw.png\",\"contentUrl\":\"https:\/\/nebinadosah.cz\/wp-content\/uploads\/2025\/07\/cropped-nebi-na-dosah-bw.png\",\"width\":2315,\"height\":358,\"caption\":\"Nebi na dosah\"},\"image\":{\"@id\":\"https:\/\/nebinadosah.cz\/#\/schema\/logo\/image\/\"}}]}<\/script>\n<!-- \/ Yoast SEO plugin. -->","yoast_head_json":{"title":"V\u00edtejte! - Nebi na dosah","robots":{"index":"index","follow":"follow","max-snippet":"max-snippet:-1","max-image-preview":"max-image-preview:large","max-video-preview":"max-video-preview:-1"},"canonical":"https:\/\/nebinadosah.cz\/","og_locale":"cs_CZ","og_type":"article","og_title":"V\u00edtejte! - Nebi na dosah","og_description":"Na tomto m\u00edst\u011b naleznete p\u0159eklady den\u00edk\u016f, knih, my\u0161lenek vz\u00e1cn\u00fdch Bo\u017e\u00edch \u017een (a \u010dasto i mu\u017e\u016f) na\u0161\u00ed minulosti. V\u017edycky mi bylo l\u00edto, \u017ee poklady, kter\u00e9 si \u010dtu, mohu sd\u00edlet jen s n\u011bkolika lidmi. Proto jsem se rozhodla vkl\u00e1dat sem po tro\u0161k\u00e1ch, co se mi poda\u0159\u00ed p\u0159elo\u017eit. Rovnou se p\u0159izn\u00e1v\u00e1m, \u017ee pro nedostatek \u010dasu budu vyu\u017e\u00edvat pomocn\u00edka [&hellip;]","og_url":"https:\/\/nebinadosah.cz\/","og_site_name":"Nebi na dosah","article_modified_time":"2025-11-14T08:14:19+00:00","twitter_card":"summary_large_image","twitter_misc":{"Odhadovan\u00e1 doba \u010dten\u00ed":"1 minuta"},"schema":{"@context":"https:\/\/schema.org","@graph":[{"@type":"WebPage","@id":"https:\/\/nebinadosah.cz\/","url":"https:\/\/nebinadosah.cz\/","name":"V\u00edtejte! - Nebi na dosah","isPartOf":{"@id":"https:\/\/nebinadosah.cz\/#website"},"datePublished":"2025-07-08T12:36:14+00:00","dateModified":"2025-11-14T08:14:19+00:00","breadcrumb":{"@id":"https:\/\/nebinadosah.cz\/#breadcrumb"},"inLanguage":"cs","potentialAction":[{"@type":"ReadAction","target":["https:\/\/nebinadosah.cz\/"]}]},{"@type":"BreadcrumbList","@id":"https:\/\/nebinadosah.cz\/#breadcrumb","itemListElement":[{"@type":"ListItem","position":1,"name":"Dom\u016f","item":"https:\/\/nebinadosah.cz\/"},{"@type":"ListItem","position":2,"name":"V\u00edtejte!"}]},{"@type":"WebSite","@id":"https:\/\/nebinadosah.cz\/#website","url":"https:\/\/nebinadosah.cz\/","name":"Nebi na dosah","description":"Den\u00edkov\u00e9 z\u00e1znamy, knihy a my\u0161lenky k\u0159es\u0165ansk\u00fdch \u017een z minulosti","publisher":{"@id":"https:\/\/nebinadosah.cz\/#organization"},"potentialAction":[{"@type":"SearchAction","target":{"@type":"EntryPoint","urlTemplate":"https:\/\/nebinadosah.cz\/?s={search_term_string}"},"query-input":{"@type":"PropertyValueSpecification","valueRequired":true,"valueName":"search_term_string"}}],"inLanguage":"cs"},{"@type":"Organization","@id":"https:\/\/nebinadosah.cz\/#organization","name":"Nebi na dosah","url":"https:\/\/nebinadosah.cz\/","logo":{"@type":"ImageObject","inLanguage":"cs","@id":"https:\/\/nebinadosah.cz\/#\/schema\/logo\/image\/","url":"https:\/\/nebinadosah.cz\/wp-content\/uploads\/2025\/07\/cropped-nebi-na-dosah-bw.png","contentUrl":"https:\/\/nebinadosah.cz\/wp-content\/uploads\/2025\/07\/cropped-nebi-na-dosah-bw.png","width":2315,"height":358,"caption":"Nebi na dosah"},"image":{"@id":"https:\/\/nebinadosah.cz\/#\/schema\/logo\/image\/"}}]}},"_links":{"self":[{"href":"https:\/\/nebinadosah.cz\/index.php?rest_route=\/wp\/v2\/pages\/119","targetHints":{"allow":["GET"]}}],"collection":[{"href":"https:\/\/nebinadosah.cz\/index.php?rest_route=\/wp\/v2\/pages"}],"about":[{"href":"https:\/\/nebinadosah.cz\/index.php?rest_route=\/wp\/v2\/types\/page"}],"author":[{"embeddable":true,"href":"https:\/\/nebinadosah.cz\/index.php?rest_route=\/wp\/v2\/users\/1"}],"replies":[{"embeddable":true,"href":"https:\/\/nebinadosah.cz\/index.php?rest_route=%2Fwp%2Fv2%2Fcomments&post=119"}],"version-history":[{"count":20,"href":"https:\/\/nebinadosah.cz\/index.php?rest_route=\/wp\/v2\/pages\/119\/revisions"}],"predecessor-version":[{"id":780,"href":"https:\/\/nebinadosah.cz\/index.php?rest_route=\/wp\/v2\/pages\/119\/revisions\/780"}],"wp:attachment":[{"href":"https:\/\/nebinadosah.cz\/index.php?rest_route=%2Fwp%2Fv2%2Fmedia&parent=119"}],"curies":[{"name":"wp","href":"https:\/\/api.w.org\/{rel}","templated":true}]}}